{"id":19,"date":"2013-11-16T00:00:00","date_gmt":"2013-11-16T00:00:00","guid":{"rendered":"http:\/\/localhost\/Themes\/2017\/Lilian_WP\/index.php\/getting-started\/"},"modified":"2023-05-26T12:45:16","modified_gmt":"2023-05-26T12:45:16","slug":"getting-started","status":"publish","type":"page","link":"https:\/\/kolthofs-hofladen.de\/","title":{"rendered":"Home"},"content":{"rendered":"<h1>Herzlich Willkommen in \u201eKolthofs Hofladen\u201c!<br \/>\n<\/h1>\n<h2>Wir leben unsere Region.<\/h2>\n<ul>\n<li>\n<p>        <img decoding=\"async\" src=\"\/wp-content\/uploads\/gerste-icon-weiss.png\" alt=\"\"><\/p>\n<h3>Regionale Produkte<\/h3>\n<p><a href=\"#\"><\/a><\/p>\n<\/li>\n<li>\n<p>        <img decoding=\"async\" src=\"\/wp-content\/uploads\/karotte-icon-weiss.png\" alt=\"\"><\/p>\n<h3>Nachhaltigkeit<\/h3>\n<p><a href=\"#\"><\/a><\/p>\n<\/li>\n<li>\n<p>        <img decoding=\"async\" src=\"\/wp-content\/uploads\/freilandhaltung.png\" alt=\"\"><\/p>\n<h3>Freilandhaltung<\/h3>\n<p><a href=\"#\"><\/a><\/p>\n<\/li>\n<\/ul>\n<ul>\n<li>\n<p>        <img decoding=\"async\" src=\"\/wp-content\/uploads\/frisch-bild.png\" alt=\"\"><\/p>\n<h3>Frisch.<\/h3>\n<div>Wir verpflichten uns, Ihnen frische H\u00e4hnchen anzubieten, um Ihnen dieses Geschmackserlebnis zu erm\u00f6glichen!<\/div>\n<\/li>\n<li>\n<p>        <img decoding=\"async\" src=\"\/wp-content\/uploads\/echt-bild.png\" alt=\"\"><\/p>\n<h3>Echt.<\/h3>\n<div>Kommen Sie zu uns und \u00fcberzeugen Sie sich von der Echtheit unserer Produkte!<\/div>\n<\/li>\n<li>\n<p>        <img decoding=\"async\" src=\"\/wp-content\/uploads\/regional-bild.png\" alt=\"\"><\/p>\n<h3>Regional.<\/h3>\n<div>Ist f\u00fcr uns ein Grundsatz, den wir verfolgen und garantieren, dass unsere Produkte alle aus dem M\u00fcnsterland sind!<\/div>\n<\/li>\n<\/ul>\n<div>\n<p>        <img decoding=\"async\" src=\"\/wp-content\/uploads\/kolthof-aktuell-info_0911.png\" alt=\"\"><\/p>\n<h2>Aktuelles<\/h2>\n<div>\n<p>Wir freuen uns sehr, da\u00df in dieser schwierigen Zeit, so viele den Weg zu uns gefunden haben und immer noch finden! Der n\u00e4chste Schlachttermin ist am<br \/>\n    <strong style=\"font-weight: 800;\">09.11.2020!<\/strong> <\/p>\n<p> Wie gewohnt k\u00f6nnt Ihr bis zum Sonntag, den 08.11.2020, Eure Vorbestellungen aufgeben.<\/p>\n<\/div>\n<p><a href=\"\/index.php?p=671\">Mehr erfahren!<\/a><\/p>\n<\/div>\n<ul>\n<li>\n<p>        <img decoding=\"async\" src=\"\/wp-content\/uploads\/regio-box-01-1.jpg\" alt=\"\"><\/p>\n<h3>regio-box-01 (1)<\/h3>\n<\/li>\n<li>\n<p>        <img decoding=\"async\" src=\"\/wp-content\/uploads\/regio-box-03-1.jpg\" alt=\"\"><\/p>\n<h3>regio-box-03 (1)<\/h3>\n<\/li>\n<li>\n<p>        <img decoding=\"async\" src=\"\/wp-content\/uploads\/regio-box-04-1.jpg\" alt=\"\"><\/p>\n<h3>regio-box-04 (1)<\/h3>\n<\/li>\n<li>\n<p>        <img decoding=\"async\" src=\"\/wp-content\/uploads\/regio-box-05-1.jpg\" alt=\"\"><\/p>\n<h3>regio-box-05 (1)<\/h3>\n<\/li>\n<\/ul>\n<h1>Frische Produkte 24\/7<\/h1>\n<h1>Entdecken Sie unseren Verkaufsautomaten.<\/h1>\n<div>Nun gibt es die frischen Produkte von Kolthofs Hofladen rund um die Uhr. M\u00f6glich machen das die installierten Verkaufsautomaten, an denen sich die Kunden nun auch ausserhalb der normalen \u00d6ffnungszeiten bedienen k\u00f6nnen. Daf\u00fcr wurde eigens ein kleines Verkaufsh\u00e4uschen auf dem Hof  errichtet, damit man auch bei schlechten Wetter bequem einkaufen kann. So gibt es einen Automaten mit tiefgefrorener Ware, wie beispielsweise  Eis oder gefrorenes H\u00e4hnchenfleisch.<\/p>\n<p>Dar\u00fcber hinaus bietet der K\u00fchlautomat viele unterschiedliche Produkte wie Eier, Milch Jogurt, Grillfleisch oder auch frische Salate &#8211;  und noch  vieles mehr. Die Bedienung ist einfach. Produkt ausw\u00e4hlen, bezahlen und Ware entnehmen. So gelangen Sie schnell und bequem an unseren hauseigenen Produkte.\n<\/p><\/div>\n<h3><span style=\"font-weight:900;\">JETZT NEU <\/span> <br \/>Mit unserem Newsletter immer informiert.<\/h3>\n<div>\n<p>Tragen Sie sich in unseren Newsletter ein und bleiben Sie \u00fcber aktuelle Neuerungen und Schlachttermine informiert.<\/p>\n<\/div>\n<h2>Hofladen<\/h2>\n<div>Wir bieten in unserem Hofladen folgende Produkte an:<\/div>\n<ul>\n<li>\n<h3>Gefl\u00fcgelfleisch &#038; Fertiggerichte<\/h3>\n<p>aus eigener Freilandhaltung<\/p>\n<\/li>\n<li>\n<h3>Eier, Nudeln und Eierlik\u00f6r<\/h3>\n<p>hergestellt vom Gefl\u00fcgelhof Althues, Rosendahl<\/p>\n<\/li>\n<li>\n<h3>Honig <\/h3>\n<p>von unserem Imker Alexander Kronewald, Steinfurt<\/p>\n<\/li>\n<li>\n<h3>Mehl<\/h3>\n<p>von M\u00dcHLE SCHLINGEMANN, WALTROP<\/p>\n<\/li>\n<li>\n<h3>Milchprodukte und Eis<\/h3>\n<p>vom Hof Gro\u00dfe Kintrup, M\u00fcnster<\/p>\n<\/li>\n<li>\n<h3>Kartoffeln <\/h3>\n<p>vom Hof Hilbert, Emsdetten<\/p>\n<\/li>\n<li>\n<h3>Pesto<\/h3>\n<p>vom Hofladen Austermann, Warendorf<\/p>\n<\/li>\n<li>\n<h3>norm. Haferflocken &#038; Dinkelflocken<\/h3>\n<p>von M\u00fchle Schlingemann, Waltrop<\/p>\n<\/li>\n<li>\n<h3>Regionale Spirituosen<\/h3>\n<p>von der Feinbrennerei Sasse<\/p>\n<\/li>\n<li>\n<h3>versch. eingelegte Gem\u00fcsesorten<\/h3>\n<p>vom Hofladen Austermann, Warendorf<\/p>\n<div>\n<p><em>Gurken, rote Beete, Paprika uvm.<\/em><\/p>\n<\/div>\n<\/li>\n<\/ul>\n<p>\n    <a href=\"\/index.php?page_id=528\">Bestellen<\/a>\n<\/p>\n<p><img decoding=\"async\" src=\"\/wp-content\/uploads\/tiere.png\" alt=\"\"><\/p>\n<div>\n<h3>\u00dcber Uns<\/h3>\n<div>\n<p>Unser Hof hat nun seit neun Generationen Bestand. Anf\u00e4nglich mit Apfelplantagen, dann Milchviehhaltung und Schweinemast mit Ackerbau bis hin zum heutigen Betrieb, der H\u00e4hnchen- und Bullenmast. <br \/>In unserem neuen H\u00e4hnchenmobil k\u00f6nnen die langsam wachsenden H\u00e4hnchen (weibliche+m\u00e4nnliche) mit st\u00e4ndig wechselnden Weidefl\u00e4chen artgerecht aufwachsen.<br \/>Der Frischfleischverkauf findet in unserem Hofladen statt (Vorbestellung m\u00f6glich). Nachhaltigkeit ist heute ein gro\u00dfes Thema und auch bei uns. Daher bieten wir unsere Produkte entsprechend (siehe Hofladen) an. <\/p>\n<p><strong>Wir freuen uns immer \u00fcber weitere Anregungen, sprechen Sie uns gerne an!<\/strong><\/p>\n<\/div>\n<\/div>\n<p><!--more--><br \/>\n<!-- {\"name\":\"Home\",\"type\":\"layout\",\"children\":[{\"type\":\"section\",\"props\":{\"animation\":\"slide-left\",\"animation_delay\":\"200\",\"height\":\"section\",\"image\":\"wp-content\\\/uploads\\\/hofladen-hintergrundoben-blur-1.jpg\",\"image_effect\":\"parallax\",\"image_parallax_bgy\":\"40,-80\",\"image_parallax_easing\":\"1\",\"image_position\":\"center-center\",\"image_size\":\"cover\",\"media_background\":\"rgba(211, 211, 211, 0.75)\",\"media_blend_mode\":\"overlay\",\"style\":\"default\",\"title_breakpoint\":\"xl\",\"title_position\":\"top-left\",\"title_rotation\":\"left\",\"vertical_align\":\"middle\",\"width\":\"default\"},\"children\":[{\"type\":\"row\",\"children\":[{\"type\":\"column\",\"props\":{\"image_position\":\"center-center\",\"media_overlay_gradient\":\"\",\"position_sticky_breakpoint\":\"m\",\"width_medium\":\"1-1\"},\"children\":[{\"type\":\"headline\",\"props\":{\"content\":\"Herzlich Willkommen in \\u201eKolthofs Hofladen\\u201c!\\n\",\"css\":\".el-element{\\nfont-weight:700;\\n    color:#428131;\\n\\ttext-shadow: 2px 2px 5px #ffffff50;\\n}\",\"margin\":\"small\",\"title_element\":\"h1\",\"title_font_family\":\"primary\",\"title_style\":\"h3\"}},{\"type\":\"headline\",\"props\":{\"content\":\"Wir leben unsere Region.\",\"css\":\".el-element{\\nfont-weight:900;\\n}\",\"margin\":\"medium\",\"title_element\":\"h2\",\"title_font_family\":\"primary\",\"title_style\":\"h1\"}},{\"type\":\"grid\",\"props\":{\"animation\":\"scale-up\",\"content_column_breakpoint\":\"m\",\"filter_align\":\"left\",\"filter_all\":true,\"filter_grid_breakpoint\":\"m\",\"filter_grid_width\":\"auto\",\"filter_position\":\"top\",\"filter_style\":\"tab\",\"grid_default\":\"1\",\"grid_medium\":\"3\",\"grid_small\":\"2\",\"icon_width\":80,\"image_align\":\"top\",\"image_grid_breakpoint\":\"m\",\"image_grid_width\":\"1-2\",\"image_svg_animate\":false,\"image_svg_color\":\"success\",\"image_svg_inline\":false,\"image_width\":\"120\",\"item_animation\":true,\"link_style\":\"default\",\"link_text\":\"\",\"margin\":\"default\",\"meta_align\":\"below-title\",\"meta_element\":\"div\",\"meta_style\":\"text-meta\",\"panel_image_no_padding\":false,\"panel_link\":true,\"panel_padding\":\"small\",\"panel_style\":\"card-primary\",\"parallax_easing\":\"1\",\"show_content\":true,\"show_image\":true,\"show_link\":true,\"show_meta\":true,\"show_title\":true,\"text_align\":\"center\",\"title_align\":\"top\",\"title_decoration\":\"line\",\"title_element\":\"h3\",\"title_grid_breakpoint\":\"m\",\"title_grid_width\":\"1-2\",\"title_hover_style\":\"reset\"},\"children\":[{\"type\":\"grid_item\",\"props\":{\"image\":\"wp-content\\\/uploads\\\/gerste-icon-weiss.png\",\"link\":\"#\",\"title\":\"Regionale Produkte\"}},{\"type\":\"grid_item\",\"props\":{\"image\":\"wp-content\\\/uploads\\\/karotte-icon-weiss.png\",\"link\":\"#\",\"title\":\"Nachhaltigkeit\"}},{\"type\":\"grid_item\",\"props\":{\"image\":\"wp-content\\\/uploads\\\/freilandhaltung.png\",\"link\":\"#\",\"title\":\"Freilandhaltung\"}}]}]}]}]},{\"type\":\"section\",\"props\":{\"animation\":\"scale-down\",\"animation_delay\":\"200\",\"image_position\":\"center-center\",\"padding\":\"xsmall\",\"style\":\"default\",\"title_breakpoint\":\"xl\",\"title_position\":\"top-left\",\"title_rotation\":\"left\",\"vertical_align\":\"middle\",\"width\":\"\"},\"children\":[{\"type\":\"row\",\"children\":[{\"type\":\"column\",\"props\":{\"image_position\":\"center-center\",\"media_overlay_gradient\":\"\",\"position_sticky_breakpoint\":\"m\",\"width_medium\":\"1-1\"},\"children\":[{\"type\":\"gallery\",\"props\":{\"content_style\":\"text-lead\",\"css\":\".el-title{\\nfont-weight:800;\\n    text-transform:uppercase;\\n}\\n\\n.el-content{\\nfont-weight:500;\\n}\",\"filter_align\":\"left\",\"filter_all\":true,\"filter_grid_breakpoint\":\"m\",\"filter_grid_width\":\"auto\",\"filter_position\":\"top\",\"filter_style\":\"tab\",\"grid_column_gap\":\"small\",\"grid_default\":\"1\",\"grid_medium\":\"3\",\"item_animation\":true,\"link_style\":\"default\",\"link_text\":\"Read more\",\"margin\":\"default\",\"meta_align\":\"below-title\",\"meta_element\":\"div\",\"meta_style\":\"text-meta\",\"overlay_hover\":true,\"overlay_mode\":\"cover\",\"overlay_position\":\"center\",\"overlay_style\":\"overlay-primary\",\"overlay_transition\":\"fade\",\"parallax_easing\":\"1\",\"show_content\":true,\"show_hover_image\":true,\"show_link\":true,\"show_meta\":true,\"show_title\":true,\"text_align\":\"center\",\"text_color\":\"light\",\"title_element\":\"h3\",\"title_hover_style\":\"reset\",\"title_style\":\"h2\"},\"children\":[{\"type\":\"gallery_item\",\"props\":{\"content\":\"Wir verpflichten uns, Ihnen frische H\\u00e4hnchen anzubieten, um Ihnen dieses Geschmackserlebnis zu erm\\u00f6glichen!\",\"image\":\"wp-content\\\/uploads\\\/frisch-bild.png\",\"title\":\"Frisch.\"}},{\"type\":\"gallery_item\",\"props\":{\"content\":\"Kommen Sie zu uns und \\u00fcberzeugen Sie sich von der Echtheit unserer Produkte!\",\"image\":\"wp-content\\\/uploads\\\/echt-bild.png\",\"title\":\"Echt.\"}},{\"type\":\"gallery_item\",\"props\":{\"content\":\"Ist f\\u00fcr uns ein Grundsatz, den wir verfolgen und garantieren, dass unsere Produkte alle aus dem M\\u00fcnsterland sind!\",\"image\":\"wp-content\\\/uploads\\\/regional-bild.png\",\"title\":\"Regional.\"}}]}]}]}]},{\"type\":\"section\",\"props\":{\"animation\":\"slide-right\",\"animation_delay\":\"200\",\"image_position\":\"center-center\",\"style\":\"primary\",\"title_breakpoint\":\"xl\",\"title_position\":\"top-left\",\"title_rotation\":\"left\",\"vertical_align\":\"middle\",\"width\":\"xlarge\"},\"children\":[{\"type\":\"row\",\"children\":[{\"type\":\"column\",\"props\":{\"image_position\":\"center-center\",\"media_overlay_gradient\":\"\",\"position_sticky_breakpoint\":\"m\",\"width_medium\":\"1-1\"},\"children\":[{\"type\":\"panel\",\"props\":{\"content\":\"\n\n<p>Wir freuen uns sehr, da\\u00df in dieser schwierigen Zeit, so viele den Weg zu uns gefunden haben und immer noch finden! Der n\\u00e4chste Schlachttermin ist am \\n    <strong style=\\\"font-weight: 800;\\\">09.11.2020!<\\\/strong> <\\\/p>\\n\n\n<p> Wie gewohnt k\\u00f6nnt Ihr bis zum Sonntag, den 08.11.2020, Eure Vorbestellungen aufgeben.<\\\/p>\\n\",\"content_column_breakpoint\":\"m\",\"content_style\":\"text-lead\",\"css\":\".el-title{\\nfont-weight:900;\\n}\",\"icon_width\":80,\"image\":\"wp-content\\\/uploads\\\/kolthof-aktuell-info_0911.png\",\"image_align\":\"left\",\"image_box_decoration\":\"default\",\"image_box_decoration_inverse\":true,\"image_grid_breakpoint\":\"m\",\"image_grid_width\":\"1-4\",\"image_svg_color\":\"emphasis\",\"image_vertical_align\":true,\"link\":\"index.php?p=671\",\"link_style\":\"primary\",\"link_text\":\"Mehr erfahren!\",\"margin\":\"default\",\"meta_align\":\"below-title\",\"meta_element\":\"div\",\"meta_style\":\"text-meta\",\"title\":\"Aktuelles\",\"title_align\":\"top\",\"title_element\":\"h2\",\"title_grid_breakpoint\":\"m\",\"title_grid_width\":\"1-2\",\"title_hover_style\":\"reset\",\"title_style\":\"h1\"}}]}]}]},{\"type\":\"section\",\"props\":{\"image\":\"\",\"image_position\":\"bottom-right\",\"image_size\":\"contain\",\"media_overlay\":\"rgba(255, 255, 255, 0.86)\",\"padding\":\"large\",\"status\":\"\",\"style\":\"default\",\"title_breakpoint\":\"xl\",\"title_position\":\"top-left\",\"title_rotation\":\"left\",\"vertical_align\":\"middle\",\"width\":\"default\"},\"children\":[{\"type\":\"row\",\"props\":{\"layout\":\"1-2,1-2\"},\"children\":[{\"type\":\"column\",\"props\":{\"image_position\":\"center-center\",\"media_overlay_gradient\":\"\",\"position_sticky_breakpoint\":\"m\",\"vertical_align\":\"middle\",\"width_medium\":\"1-2\"},\"children\":[{\"type\":\"gallery\",\"props\":{\"filter_align\":\"left\",\"filter_all\":true,\"filter_grid_breakpoint\":\"m\",\"filter_grid_width\":\"auto\",\"filter_position\":\"top\",\"filter_style\":\"tab\",\"grid_column_gap\":\"small\",\"grid_default\":\"1\",\"grid_medium\":\"2\",\"grid_row_gap\":\"small\",\"item_animation\":true,\"link_style\":\"default\",\"link_text\":\"Read more\",\"margin\":\"default\",\"meta_align\":\"below-title\",\"meta_element\":\"div\",\"meta_style\":\"text-meta\",\"overlay_hover\":false,\"overlay_mode\":\"cover\",\"overlay_position\":\"center\",\"overlay_style\":\"\",\"overlay_transition\":\"fade\",\"parallax_easing\":\"1\",\"show_content\":true,\"show_hover_image\":true,\"show_link\":true,\"show_meta\":true,\"show_title\":false,\"text_align\":\"center\",\"text_color\":\"light\",\"title_element\":\"h3\",\"title_hover_style\":\"reset\"},\"children\":[{\"type\":\"gallery_item\",\"props\":{\"image\":\"wp-content\\\/uploads\\\/regio-box-01-1.jpg\",\"title\":\"regio-box-01 (1)\"}},{\"type\":\"gallery_item\",\"props\":{\"image\":\"wp-content\\\/uploads\\\/regio-box-03-1.jpg\",\"title\":\"regio-box-03 (1)\"}},{\"type\":\"gallery_item\",\"props\":{\"image\":\"wp-content\\\/uploads\\\/regio-box-04-1.jpg\",\"title\":\"regio-box-04 (1)\"}},{\"type\":\"gallery_item\",\"props\":{\"image\":\"wp-content\\\/uploads\\\/regio-box-05-1.jpg\",\"title\":\"regio-box-05 (1)\"}}]}]},{\"type\":\"column\",\"props\":{\"image_position\":\"center-center\",\"media_overlay_gradient\":\"\",\"position_sticky_breakpoint\":\"m\",\"vertical_align\":\"middle\",\"width_medium\":\"1-2\"},\"children\":[{\"type\":\"headline\",\"props\":{\"content\":\"Frische Produkte 24\\\/7\",\"css\":\".el-element{color:#428131;font-weight:900;line-height:0.85em;}\",\"title_color\":\"muted\",\"title_element\":\"h1\",\"title_font_family\":\"default\",\"title_style\":\"h3\"}},{\"type\":\"headline\",\"props\":{\"content\":\"Entdecken Sie unseren Verkaufsautomaten.\",\"css\":\".el-element{color:#428131;font-weight:900;font-size:4em;line-height:0.85em;}\",\"title_element\":\"h1\",\"title_style\":\"heading-medium\"}},{\"type\":\"text\",\"props\":{\"column_breakpoint\":\"m\",\"content\":\"Nun gibt es die frischen Produkte von Kolthofs Hofladen rund um die Uhr. M\\u00f6glich machen das die installierten Verkaufsautomaten, an denen sich die Kunden nun auch ausserhalb der normalen \\u00d6ffnungszeiten bedienen k\\u00f6nnen. Daf\\u00fcr wurde eigens ein kleines Verkaufsh\\u00e4uschen auf dem Hof  errichtet, damit man auch bei schlechten Wetter bequem einkaufen kann. So gibt es einen Automaten mit tiefgefrorener Ware, wie beispielsweise  Eis oder gefrorenes H\\u00e4hnchenfleisch.\n\n\\nDar\\u00fcber hinaus bietet der K\\u00fchlautomat viele unterschiedliche Produkte wie Eier, Milch Jogurt, Grillfleisch oder auch frische Salate -  und noch  vieles mehr. Die Bedienung ist einfach. Produkt ausw\\u00e4hlen, bezahlen und Ware entnehmen. So gelangen Sie schnell und bequem an unseren hauseigenen Produkte. \\n\",\"margin\":\"default\"}}]}]}]},{\"name\":\"Kolthof Newsletter\",\"type\":\"section\",\"props\":{\"animation\":\"slide-left-small\",\"class\":\"\",\"image\":\"wp-content\\\/uploads\\\/photo-1573481078935-b9605167e06b-scaled.jpg\",\"image_position\":\"top-center\",\"image_size\":\"cover\",\"media_background\":\"#5C5E5D\",\"media_blend_mode\":\"multiply\",\"media_overlay\":\"rgba(18, 18, 18, 0.58)\",\"style\":\"secondary\",\"title_breakpoint\":\"xl\",\"title_position\":\"top-left\",\"title_rotation\":\"left\",\"vertical_align\":\"middle\",\"width\":\"default\"},\"children\":[{\"type\":\"row\",\"children\":[{\"type\":\"column\",\"props\":{\"image_position\":\"center-center\",\"media_overlay_gradient\":\"\",\"position_sticky_breakpoint\":\"m\",\"width_medium\":\"1-1\"},\"children\":[{\"type\":\"headline\",\"props\":{\"content\":\"<span style=\\\"font-weight:900;\\\">JETZT NEU <\\\/span> <br\\\/>Mit unserem Newsletter immer informiert.\",\"title_element\":\"h3\"}},{\"type\":\"text\",\"props\":{\"column_breakpoint\":\"m\",\"content\":\"\n\n<p>Tragen Sie sich in unseren Newsletter ein und bleiben Sie \\u00fcber aktuelle Neuerungen und Schlachttermine informiert.<\\\/p>\",\"margin\":\"default\",\"text_style\":\"large\"}},{\"type\":\"newsletter\",\"props\":{\"button_icon\":\"mail\",\"button_margin\":\"\",\"button_mode\":\"button\",\"button_style\":\"default\",\"cmonitor\":{\"client_id\":\"\",\"list_id\":\"\"},\"form_size\":\"\",\"form_style\":\"\",\"gap\":\"\",\"label_button\":\"anmelden\",\"label_email\":\"E-Mail Addresse\",\"label_first_name\":\"Vorname\",\"label_last_name\":\"Nachname\",\"layout\":\"grid\",\"mailchimp\":{\"client_id\":\"\",\"list_id\":\"ba40f4ee72\",\"double_optin\":true},\"provider\":{\"name\":\"mailchimp\",\"after_submit\":\"message\",\"message\":\"Sie haben sich erfolgreich in den Newsletter eingetragen. \",\"redirect\":\"\"},\"show_name\":true}}]}]}]},{\"type\":\"section\",\"props\":{\"animation\":\"slide-left\",\"animation_delay\":\"200\",\"image_position\":\"center-center\",\"style\":\"muted\",\"title_breakpoint\":\"xl\",\"title_position\":\"top-left\",\"title_rotation\":\"left\",\"vertical_align\":\"middle\",\"width\":\"xlarge\"},\"children\":[{\"type\":\"row\",\"children\":[{\"type\":\"column\",\"props\":{\"image_position\":\"center-center\",\"media_overlay_gradient\":\"\",\"position_sticky_breakpoint\":\"m\",\"width_medium\":\"1-1\"},\"children\":[{\"type\":\"headline\",\"props\":{\"content\":\"Hofladen\",\"title_color\":\"primary\",\"title_element\":\"h2\",\"title_style\":\"heading-medium\"}}]}]},{\"type\":\"row\",\"children\":[{\"type\":\"column\",\"props\":{\"image_position\":\"center-center\",\"media_overlay_gradient\":\"\",\"position_sticky_breakpoint\":\"m\",\"width_medium\":\"1-1\"},\"children\":[{\"type\":\"text\",\"props\":{\"column_breakpoint\":\"m\",\"content\":\"Wir bieten in unserem Hofladen folgende Produkte an:\",\"margin\":\"default\",\"text_style\":\"lead\"}}]}]},{\"type\":\"row\",\"children\":[{\"type\":\"column\",\"props\":{\"image_position\":\"center-center\",\"media_overlay_gradient\":\"\",\"position_sticky_breakpoint\":\"m\",\"width_medium\":\"1-1\"},\"children\":[{\"type\":\"grid\",\"props\":{\"animation\":\"scale-up\",\"content_column_breakpoint\":\"m\",\"css\":\".el-title{\\nfont-size:2.2em;\\n}\\n\\n\",\"filter_align\":\"left\",\"filter_all\":true,\"filter_grid_breakpoint\":\"m\",\"filter_grid_width\":\"auto\",\"filter_position\":\"top\",\"filter_style\":\"tab\",\"grid_default\":\"1\",\"grid_medium\":\"3\",\"icon_width\":80,\"image_align\":\"top\",\"image_grid_breakpoint\":\"m\",\"image_grid_width\":\"1-2\",\"image_svg_color\":\"emphasis\",\"item_animation\":true,\"link_style\":\"default\",\"link_text\":\"Read more\",\"margin\":\"default\",\"meta_align\":\"below-content\",\"meta_element\":\"div\",\"meta_style\":\"text-meta\",\"panel_padding\":\"default\",\"panel_style\":\"card-default\",\"parallax_easing\":\"1\",\"show_content\":true,\"show_image\":true,\"show_link\":true,\"show_meta\":true,\"show_title\":true,\"title_align\":\"top\",\"title_element\":\"h3\",\"title_grid_breakpoint\":\"m\",\"title_grid_width\":\"1-2\",\"title_hover_style\":\"reset\"},\"children\":[{\"type\":\"grid_item\",\"props\":{\"content\":\"\",\"meta\":\"aus eigener Freilandhaltung\",\"title\":\"Gefl\\u00fcgelfleisch & Fertiggerichte\"}},{\"type\":\"grid_item\",\"props\":{\"content\":\"\",\"meta\":\"hergestellt vom Gefl\\u00fcgelhof Althues, Rosendahl\",\"title\":\"Eier, Nudeln und Eierlik\\u00f6r\"}},{\"type\":\"grid_item\",\"props\":{\"meta\":\"von unserem Imker Alexander Kronewald, Steinfurt\",\"title\":\"Honig \"}},{\"type\":\"grid_item\",\"props\":{\"meta\":\"von M\\u00dcHLE SCHLINGEMANN, WALTROP\",\"title\":\"Mehl\"}},{\"type\":\"grid_item\",\"props\":{\"meta\":\"vom Hof Gro\\u00dfe Kintrup, M\\u00fcnster\",\"title\":\"Milchprodukte und Eis\"}},{\"type\":\"grid_item\",\"props\":{\"meta\":\"vom Hof Hilbert, Emsdetten\",\"title\":\"Kartoffeln \"}},{\"type\":\"grid_item\",\"props\":{\"meta\":\"vom Hofladen Austermann, Warendorf\",\"title\":\"Pesto\"}},{\"type\":\"grid_item\",\"props\":{\"meta\":\"von M\\u00fchle Schlingemann, Waltrop\",\"title\":\"norm. Haferflocken & Dinkelflocken\"}},{\"type\":\"grid_item\",\"props\":{\"content\":\"\",\"meta\":\"von der Feinbrennerei Sasse\",\"title\":\"Regionale Spirituosen\"}},{\"type\":\"grid_item\",\"props\":{\"content\":\"\n\n<p><em>Gurken, rote Beete, Paprika uvm.<\\\/em><\\\/p>\",\"meta\":\"vom Hofladen Austermann, Warendorf\",\"title\":\"versch. eingelegte Gem\\u00fcsesorten\"}}]}]}]},{\"type\":\"row\",\"children\":[{\"type\":\"column\",\"props\":{\"image_position\":\"center-center\",\"media_overlay_gradient\":\"\",\"position_sticky_breakpoint\":\"m\",\"width_medium\":\"1-1\"},\"children\":[{\"type\":\"button\",\"props\":{\"button_size\":\"large\",\"grid_column_gap\":\"small\",\"grid_row_gap\":\"small\",\"margin\":\"default\"},\"children\":[{\"type\":\"button_item\",\"props\":{\"button_style\":\"primary\",\"content\":\"Bestellen\",\"icon\":\"cart\",\"icon_align\":\"left\",\"link\":\"index.php?page_id=528\"}}]}]}]}]},{\"type\":\"section\",\"props\":{\"image\":\"wp-content\\\/uploads\\\/photo-1573865174887-dd85bc60e3e5-scaled.jpg\",\"image_effect\":\"fixed\",\"image_position\":\"center-right\",\"image_size\":\"cover\",\"media_overlay\":\"rgba(31, 31, 31, 0.66)\",\"style\":\"secondary\",\"title_breakpoint\":\"xl\",\"title_position\":\"top-left\",\"title_rotation\":\"left\",\"vertical_align\":\"middle\",\"width\":\"xlarge\"},\"children\":[{\"type\":\"row\",\"props\":{\"layout\":\"1-2,1-2\"},\"children\":[{\"type\":\"column\",\"props\":{\"image_position\":\"center-center\",\"media_overlay_gradient\":\"\",\"position_sticky_breakpoint\":\"m\",\"vertical_align\":\"middle\",\"width_medium\":\"1-2\"},\"children\":[{\"type\":\"image\",\"props\":{\"image\":\"wp-content\\\/uploads\\\/tiere.png\",\"image_svg_color\":\"emphasis\",\"image_width\":\"500\",\"margin\":\"default\",\"text_align\":\"center\"}}]},{\"type\":\"column\",\"props\":{\"image_position\":\"center-center\",\"media_overlay_gradient\":\"\",\"position_sticky_breakpoint\":\"m\",\"vertical_align\":\"middle\",\"width_medium\":\"1-2\"},\"children\":[{\"type\":\"panel\",\"props\":{\"content\":\"\n\n<p>Unser Hof hat nun seit neun Generationen Bestand. Anf\\u00e4nglich mit Apfelplantagen, dann Milchviehhaltung und Schweinemast mit Ackerbau bis hin zum heutigen Betrieb, der H\\u00e4hnchen- und Bullenmast. <br \\\/>In unserem neuen H\\u00e4hnchenmobil k\\u00f6nnen die langsam wachsenden H\\u00e4hnchen (weibliche+m\\u00e4nnliche) mit st\\u00e4ndig wechselnden Weidefl\\u00e4chen artgerecht aufwachsen.<br \\\/>Der Frischfleischverkauf findet in unserem Hofladen statt (Vorbestellung m\\u00f6glich). Nachhaltigkeit ist heute ein gro\\u00dfes Thema und auch bei uns. Daher bieten wir unsere Produkte entsprechend (siehe Hofladen) an. <br \\\/><br \\\/><strong>Wir freuen uns immer \\u00fcber weitere Anregungen, sprechen Sie uns gerne an!<\\\/strong><\\\/p>\",\"content_column_breakpoint\":\"m\",\"icon_width\":80,\"image\":\"\",\"image_align\":\"left\",\"image_grid_breakpoint\":\"m\",\"image_grid_width\":\"1-2\",\"image_svg_color\":\"emphasis\",\"image_vertical_align\":true,\"link_style\":\"default\",\"link_text\":\"Read more\",\"margin\":\"default\",\"meta_align\":\"below-title\",\"meta_element\":\"div\",\"meta_style\":\"text-meta\",\"panel_padding\":\"default\",\"panel_style\":\"card-primary\",\"title\":\"\\u00dcber Uns\",\"title_align\":\"top\",\"title_element\":\"h3\",\"title_grid_breakpoint\":\"m\",\"title_grid_width\":\"1-2\",\"title_hover_style\":\"reset\"}}]}]}]}],\"version\":\"4.0.0\"} --><\/p>\n","protected":false},"excerpt":{"rendered":"<p>Herzlich Willkommen in \u201eKolthofs Hofladen\u201c! Wir leben unsere Region. Regionale Produkte Nachhaltigkeit Freilandhaltung Frisch. Wir verpflichten uns, Ihnen frische H\u00e4hnchen anzubieten, um Ihnen dieses Geschmackserlebnis zu erm\u00f6glichen! Echt. Kommen Sie zu uns und \u00fcberzeugen Sie sich von der Echtheit unserer Produkte! Regional. Ist f\u00fcr uns ein Grundsatz, den wir verfolgen und garantieren, dass unsere Produkte [&hellip;]<\/p>\n","protected":false},"author":1,"featured_media":0,"parent":0,"menu_order":2,"comment_status":"closed","ping_status":"closed","template":"","meta":[],"_links":{"self":[{"href":"https:\/\/kolthofs-hofladen.de\/index.php?rest_route=\/wp\/v2\/pages\/19"}],"collection":[{"href":"https:\/\/kolthofs-hofladen.de\/index.php?rest_route=\/wp\/v2\/pages"}],"about":[{"href":"https:\/\/kolthofs-hofladen.de\/index.php?rest_route=\/wp\/v2\/types\/page"}],"author":[{"embeddable":true,"href":"https:\/\/kolthofs-hofladen.de\/index.php?rest_route=\/wp\/v2\/users\/1"}],"replies":[{"embeddable":true,"href":"https:\/\/kolthofs-hofladen.de\/index.php?rest_route=%2Fwp%2Fv2%2Fcomments&post=19"}],"version-history":[{"count":236,"href":"https:\/\/kolthofs-hofladen.de\/index.php?rest_route=\/wp\/v2\/pages\/19\/revisions"}],"predecessor-version":[{"id":798,"href":"https:\/\/kolthofs-hofladen.de\/index.php?rest_route=\/wp\/v2\/pages\/19\/revisions\/798"}],"wp:attachment":[{"href":"https:\/\/kolthofs-hofladen.de\/index.php?rest_route=%2Fwp%2Fv2%2Fmedia&parent=19"}],"curies":[{"name":"wp","href":"https:\/\/api.w.org\/{rel}","templated":true}]}}